{"id":1365,"date":"2025-09-29T01:33:52","date_gmt":"2025-09-29T01:33:52","guid":{"rendered":"https:\/\/contavisol.com\/?page_id=1365"},"modified":"2025-10-13T03:50:07","modified_gmt":"2025-10-13T03:50:07","slug":"blogs","status":"publish","type":"page","link":"https:\/\/contavisol.com\/?page_id=1365","title":{"rendered":"Blogs"},"content":{"rendered":"\t\t<div data-elementor-type=\"wp-page\" data-elementor-id=\"1365\" class=\"elementor elementor-1365\">\n\t\t\t\t<div class=\"elementor-element elementor-element-7904117 e-con-full e-flex wpr-particle-no wpr-jarallax-no wpr-parallax-no wpr-sticky-section-no wpr-equal-height-no e-con e-parent\" data-id=\"7904117\" data-element_type=\"container\" data-e-type=\"container\" data-settings=\"{&quot;background_background&quot;:&quot;classic&quot;}\">\n\t\t\t\t<div class=\"elementor-element elementor-element-e1888e9 text-center elementor-widget elementor-widget-tp-heading-title\" data-id=\"e1888e9\" data-element_type=\"widget\" data-e-type=\"widget\" data-widget_type=\"tp-heading-title.default\">\n\t\t\t\t\t<div class=\"heading heading_style heading_style69ee3efce7306 style-4 animate-general\"  data-animate-type=\"transition.fadeIn\" data-animate-delay=\"50\" data-animate-offset=\"85%\" data-tp-gsap-heading-text=\"\" data-tp-gsap-sub-heading-text=\"\"><div class=\"sub-style\" ><div class=\"head-title \" > <h1  class=\"heading-title   \"  data-hover=\"Blog\">Blog<\/h1><div class=\"seprator sep-l\" ><span class=\"title-sep sep-l\" ><\/span><span class=\"title-sep sep-r\" ><\/span><\/div><\/div><\/div><\/div>\t\t\t\t<\/div>\n\t\t\t\t<div class=\"elementor-element elementor-element-27e93d9 elementor-widget elementor-widget-tp-breadcrumbs-bar\" data-id=\"27e93d9\" data-element_type=\"widget\" data-e-type=\"widget\" data-widget_type=\"tp-breadcrumbs-bar.default\">\n\t\t\t\t\t<div id=\"bread69ef24ead6fea\" class=\"pt_plus_breadcrumbs_bar \"  \"><div class=\"pt_plus_breadcrumbs_bar_inner bred_style_1\"><nav id=\"breadcrumbs\"><span class=\"bc_home\"><a class=\"home_bread_tab\" href=\"https:\/\/contavisol.com\/\">Inicio<i class=\" fa fa-arrow-right bread-sep-icon\" ><\/i><\/a><\/span> <span class=\"del\"><\/span> <span class=\"current\"><div class=\"current_tab_sec\">P\u00e1gina<\/div><\/span><\/nav><\/div><\/div>\t\t\t\t<\/div>\n\t\t\t\t<\/div>\n\t\t<div class=\"elementor-element elementor-element-e3e84e6 e-flex e-con-boxed wpr-particle-no wpr-jarallax-no wpr-parallax-no wpr-sticky-section-no wpr-equal-height-no e-con e-parent\" data-id=\"e3e84e6\" data-element_type=\"container\" data-e-type=\"container\" data-settings=\"{&quot;background_background&quot;:&quot;classic&quot;}\">\n\t\t\t\t\t<div class=\"e-con-inner\">\n\t\t\t\t<div class=\"elementor-element elementor-element-a4761af elementor-widget__width-initial elementor-widget elementor-widget-tp-blog-listout\" data-id=\"a4761af\" data-element_type=\"widget\" data-e-type=\"widget\" data-widget_type=\"tp-blog-listout.default\">\n\t\t\t\t\t<style>.tpae-preset-blog {\r\n    display: flex;\r\n    flex-direction: column;\r\n    transition: transform 0.3s ease-in-out;\r\n    background: #FDF7F1;\r\n    border-radius: 15px;\r\n}\r\n.tpae-preset-blog:hover{\r\n    transform: scale(0.95);\r\n    transition: transform 0.3s ease-in-out;\r\n}\r\n\r\n.tpae-preset-blog a .tpae-preset-image{\r\n    position: relative;\r\n    \r\n}\r\n.tpae-preset-image .tpae-preset-card-image {\r\n    border-radius: 15px;\r\n    \r\n}\r\n\r\n.tpae-preset-image .tpae-preset-card-image img{\r\n    border-radius: 15px;\r\n    width: 100%;\r\n    height: 198px;\r\n}\r\n\r\n\r\n.tpae-preset-bloga a .tpae-preset-image:before{\r\n    width: 100%;\r\n    height: 100%;\r\n}\r\n\r\n.tpae-preset-content .tpae-preset-meta-tag {\r\n    margin: 0px;\r\n}<\/style><div id=\"pt-plus-blog-post-list\" class=\"blog-list post69ef24eae0694  list-isotope  blog-smart-loop-builder hover-image- \"  data-layout-type=\"fitRows\"   data-id=\"post69ef24eae0694\" data-style=\"smart-loop-builder\"  data-enable-isotope=\"1\"><div id=\"post69ef24eae0694\" class=\"tp-row post-inner-loop post69ef24eae0694 \"><div class=\"grid-item metro-item tp-col-lg-4 tp-col-md-4 tp-col-sm-12 tp-col-12 \"><div class=\"tpae-preset-blog\">\n    <a href=\"https:\/\/contavisol.com\/?p=302\">\n        <div class=\"tpae-preset-image\">\n            <div class=\"tpae-preset-card-image\"><img fetchpriority=\"high\" decoding=\"async\" width=\"900\" height=\"600\" src=\"https:\/\/contavisol.com\/wp-content\/uploads\/2025\/09\/noticia1.jpg\" class=\"attachment-post-thumbnail size-post-thumbnail wp-post-image\" alt=\"\" \/><\/div>\n        <\/div>\n        <div class=\"tpae-preset-content\">\n            <h2 class=\"tpae-preset-title\">Servicios digitales: lo que tu empresa debe saber sobre los nuevos impuestos 2025<\/h2>\n            <p class=\"tpae-preset-meta-tag\">septiembre 21, 2025<\/p>\n        <\/div>\n    <\/a>\n<\/div>   <\/div><div class=\"grid-item metro-item tp-col-lg-4 tp-col-md-4 tp-col-sm-12 tp-col-12 \"><div class=\"tpae-preset-blog\">\n    <a href=\"https:\/\/contavisol.com\/?p=1453\">\n        <div class=\"tpae-preset-image\">\n            <div class=\"tpae-preset-card-image\"><img decoding=\"async\" width=\"900\" height=\"600\" src=\"https:\/\/contavisol.com\/wp-content\/uploads\/2025\/10\/noticia2.jpg\" class=\"attachment-post-thumbnail size-post-thumbnail wp-post-image\" alt=\"\" \/><\/div>\n        <\/div>\n        <div class=\"tpae-preset-content\">\n            <h2 class=\"tpae-preset-title\">Auditor\u00edas tributarias preventivas: la nueva prioridad para las empresas peruanas<\/h2>\n            <p class=\"tpae-preset-meta-tag\">octubre 13, 2025<\/p>\n        <\/div>\n    <\/a>\n<\/div>   <\/div><div class=\"grid-item metro-item tp-col-lg-4 tp-col-md-4 tp-col-sm-12 tp-col-12 \"><div class=\"tpae-preset-blog\">\n    <a href=\"https:\/\/contavisol.com\/?p=1466\">\n        <div class=\"tpae-preset-image\">\n            <div class=\"tpae-preset-card-image\"><img decoding=\"async\" width=\"900\" height=\"600\" src=\"https:\/\/contavisol.com\/wp-content\/uploads\/2025\/10\/noticia3.jpg\" class=\"attachment-post-thumbnail size-post-thumbnail wp-post-image\" alt=\"\" \/><\/div>\n        <\/div>\n        <div class=\"tpae-preset-content\">\n            <h2 class=\"tpae-preset-title\">Cambios tributarios 2025: lo que todo empresario debe saber<\/h2>\n            <p class=\"tpae-preset-meta-tag\">octubre 13, 2025<\/p>\n        <\/div>\n    <\/a>\n<\/div>   <\/div><div class=\"grid-item metro-item tp-col-lg-4 tp-col-md-4 tp-col-sm-12 tp-col-12 \"><div class=\"tpae-preset-blog\">\n    <a href=\"https:\/\/contavisol.com\/?p=1472\">\n        <div class=\"tpae-preset-image\">\n            <div class=\"tpae-preset-card-image\"><img loading=\"lazy\" decoding=\"async\" width=\"900\" height=\"600\" src=\"https:\/\/contavisol.com\/wp-content\/uploads\/2025\/10\/noticia4.jpg\" class=\"attachment-post-thumbnail size-post-thumbnail wp-post-image\" alt=\"\" \/><\/div>\n        <\/div>\n        <div class=\"tpae-preset-content\">\n            <h2 class=\"tpae-preset-title\">Transparencia financiera: un reto y una oportunidad para las microempresas peruanas<\/h2>\n            <p class=\"tpae-preset-meta-tag\">octubre 13, 2025<\/p>\n        <\/div>\n    <\/a>\n<\/div>   <\/div><div class=\"grid-item metro-item tp-col-lg-4 tp-col-md-4 tp-col-sm-12 tp-col-12 \"><div class=\"tpae-preset-blog\">\n    <a href=\"https:\/\/contavisol.com\/?p=1475\">\n        <div class=\"tpae-preset-image\">\n            <div class=\"tpae-preset-card-image\"><img loading=\"lazy\" decoding=\"async\" width=\"900\" height=\"600\" src=\"https:\/\/contavisol.com\/wp-content\/uploads\/2025\/10\/noticia5.jpg\" class=\"attachment-post-thumbnail size-post-thumbnail wp-post-image\" alt=\"\" \/><\/div>\n        <\/div>\n        <div class=\"tpae-preset-content\">\n            <h2 class=\"tpae-preset-title\">Nuevas reglas contables para el sistema financiero: impacto y preparaci\u00f3n<\/h2>\n            <p class=\"tpae-preset-meta-tag\">octubre 13, 2025<\/p>\n        <\/div>\n    <\/a>\n<\/div>   <\/div><div class=\"grid-item metro-item tp-col-lg-4 tp-col-md-4 tp-col-sm-12 tp-col-12 \"><div class=\"tpae-preset-blog\">\n    <a href=\"https:\/\/contavisol.com\/?p=1504\">\n        <div class=\"tpae-preset-image\">\n            <div class=\"tpae-preset-card-image\"><img loading=\"lazy\" decoding=\"async\" width=\"900\" height=\"600\" src=\"https:\/\/contavisol.com\/wp-content\/uploads\/2025\/10\/noticia6.jpg\" class=\"attachment-post-thumbnail size-post-thumbnail wp-post-image\" alt=\"\" \/><\/div>\n        <\/div>\n        <div class=\"tpae-preset-content\">\n            <h2 class=\"tpae-preset-title\">Incremento de 19.3% en recaudaci\u00f3n: \u00bfqu\u00e9 significa para las empresas?<\/h2>\n            <p class=\"tpae-preset-meta-tag\">octubre 13, 2025<\/p>\n        <\/div>\n    <\/a>\n<\/div>   <\/div><div class=\"grid-item metro-item tp-col-lg-4 tp-col-md-4 tp-col-sm-12 tp-col-12 \"><div class=\"tpae-preset-blog\">\n    <a href=\"https:\/\/contavisol.com\/?p=1512\">\n        <div class=\"tpae-preset-image\">\n            <div class=\"tpae-preset-card-image\"><img loading=\"lazy\" decoding=\"async\" width=\"900\" height=\"600\" src=\"https:\/\/contavisol.com\/wp-content\/uploads\/2025\/10\/noticia7.jpg\" class=\"attachment-post-thumbnail size-post-thumbnail wp-post-image\" alt=\"\" \/><\/div>\n        <\/div>\n        <div class=\"tpae-preset-content\">\n            <h2 class=\"tpae-preset-title\">Per\u00fa espera recaudaci\u00f3n hist\u00f3rica en 2025: oportunidades y retos para tu contabilidad<\/h2>\n            <p class=\"tpae-preset-meta-tag\">octubre 13, 2025<\/p>\n        <\/div>\n    <\/a>\n<\/div>   <\/div><div class=\"grid-item metro-item tp-col-lg-4 tp-col-md-4 tp-col-sm-12 tp-col-12 \"><div class=\"tpae-preset-blog\">\n    <a href=\"https:\/\/contavisol.com\/?p=1519\">\n        <div class=\"tpae-preset-image\">\n            <div class=\"tpae-preset-card-image\"><img loading=\"lazy\" decoding=\"async\" width=\"900\" height=\"600\" src=\"https:\/\/contavisol.com\/wp-content\/uploads\/2025\/10\/noticia8.jpg\" class=\"attachment-post-thumbnail size-post-thumbnail wp-post-image\" alt=\"\" \/><\/div>\n        <\/div>\n        <div class=\"tpae-preset-content\">\n            <h2 class=\"tpae-preset-title\">Sunat flexibiliza multas con nuevos cambios al R\u00e9gimen de Gradualidad<\/h2>\n            <p class=\"tpae-preset-meta-tag\">octubre 13, 2025<\/p>\n        <\/div>\n    <\/a>\n<\/div>   <\/div><div class=\"grid-item metro-item tp-col-lg-4 tp-col-md-4 tp-col-sm-12 tp-col-12 \"><div class=\"tpae-preset-blog\">\n    <a href=\"https:\/\/contavisol.com\/?p=1526\">\n        <div class=\"tpae-preset-image\">\n            <div class=\"tpae-preset-card-image\"><img loading=\"lazy\" decoding=\"async\" width=\"900\" height=\"600\" src=\"https:\/\/contavisol.com\/wp-content\/uploads\/2025\/10\/noticia9.jpg\" class=\"attachment-post-thumbnail size-post-thumbnail wp-post-image\" alt=\"\" \/><\/div>\n        <\/div>\n        <div class=\"tpae-preset-content\">\n            <h2 class=\"tpae-preset-title\">Beneficios tributarios recientes pueden afectar la recaudaci\u00f3n estatal<\/h2>\n            <p class=\"tpae-preset-meta-tag\">octubre 13, 2025<\/p>\n        <\/div>\n    <\/a>\n<\/div>   <\/div><\/div><\/div>\t\t\t\t<\/div>\n\t\t\t\t\t<\/div>\n\t\t\t\t<\/div>\n\t\t\t\t<\/div>\n\t\t","protected":false},"excerpt":{"rendered":"<p>Blog Inicio P\u00e1gina Servicios digitales: lo que tu empresa debe saber sobre los nuevos impuestos 2025 septiembre 21, 2025 Auditor\u00edas tributarias preventivas: la nueva prioridad para las empresas peruanas octubre 13, 2025 Cambios tributarios 2025: lo que todo empresario debe saber octubre 13, 2025 Transparencia financiera: un reto y una oportunidad para las microempresas peruanas&#8230;<\/p>\n","protected":false},"author":1,"featured_media":0,"parent":0,"menu_order":0,"comment_status":"closed","ping_status":"closed","template":"elementor_canvas","meta":{"tpgb_global_settings":"","_kad_post_transparent":"","_kad_post_title":"hide","_kad_post_layout":"fullwidth","_kad_post_sidebar_id":"","_kad_post_content_style":"unboxed","_kad_post_vertical_padding":"hide","_kad_post_feature":"hide","_kad_post_feature_position":"","_kad_post_header":false,"_kad_post_footer":false,"_kad_post_classname":"","footnotes":""},"class_list":["post-1365","page","type-page","status-publish","hentry"],"tpgb_featured_images":null,"tpgb_post_meta_info":{"get_date":"septiembre 29, 2025","get_modified_date":"octubre 13, 2025","author_name":"admin","author_url":"https:\/\/contavisol.com\/?author=1","author_email":"contavisol@gmail.com","author_website":"https:\/\/contavisol.com","author_description":"","author_facebook":"","author_twitter":"","author_instagram":"","author_role":["administrator"],"author_firstname":"","author_lastname":"","user_login":"contavisol","author_avatar":"<img alt='' src='https:\/\/secure.gravatar.com\/avatar\/49b1b804be8dec034a62a8c91ab221ba179efded8febcc0a71953478adad1aa1?s=200&#038;d=mm&#038;r=g' srcset='https:\/\/secure.gravatar.com\/avatar\/49b1b804be8dec034a62a8c91ab221ba179efded8febcc0a71953478adad1aa1?s=400&#038;d=mm&#038;r=g 2x' class='avatar avatar-200 photo' height='200' width='200' decoding='async'\/>","author_avatar_url":"https:\/\/secure.gravatar.com\/avatar\/49b1b804be8dec034a62a8c91ab221ba179efded8febcc0a71953478adad1aa1?s=96&d=mm&r=g","comment_count":0,"post_likes":0,"post_views":0},"tpgb_post_category":[],"_links":{"self":[{"href":"https:\/\/contavisol.com\/index.php?rest_route=\/wp\/v2\/pages\/1365","targetHints":{"allow":["GET"]}}],"collection":[{"href":"https:\/\/contavisol.com\/index.php?rest_route=\/wp\/v2\/pages"}],"about":[{"href":"https:\/\/contavisol.com\/index.php?rest_route=\/wp\/v2\/types\/page"}],"author":[{"embeddable":true,"href":"https:\/\/contavisol.com\/index.php?rest_route=\/wp\/v2\/users\/1"}],"replies":[{"embeddable":true,"href":"https:\/\/contavisol.com\/index.php?rest_route=%2Fwp%2Fv2%2Fcomments&post=1365"}],"version-history":[{"count":21,"href":"https:\/\/contavisol.com\/index.php?rest_route=\/wp\/v2\/pages\/1365\/revisions"}],"predecessor-version":[{"id":1535,"href":"https:\/\/contavisol.com\/index.php?rest_route=\/wp\/v2\/pages\/1365\/revisions\/1535"}],"wp:attachment":[{"href":"https:\/\/contavisol.com\/index.php?rest_route=%2Fwp%2Fv2%2Fmedia&parent=1365"}],"curies":[{"name":"wp","href":"https:\/\/api.w.org\/{rel}","templated":true}]}}